{"id":11,"date":"2025-09-29T09:13:20","date_gmt":"2025-09-29T14:13:20","guid":{"rendered":"https:\/\/estantpro.com.co\/?page_id=11"},"modified":"2025-11-24T09:59:43","modified_gmt":"2025-11-24T14:59:43","slug":"servicios","status":"publish","type":"page","link":"https:\/\/estantpro.com.co\/index.php\/servicios\/","title":{"rendered":"Servicios"},"content":{"rendered":"\t\t<div data-elementor-type=\"wp-page\" data-elementor-id=\"11\" class=\"elementor elementor-11\">\n\t\t\t\t<div class=\"elementor-element elementor-element-2f72318 e-con-full e-flex e-con e-parent\" data-id=\"2f72318\" data-element_type=\"container\" data-e-type=\"container\">\n\t\t\t\t<div class=\"elementor-element elementor-element-c60bf0f elementor-widget elementor-widget-image\" data-id=\"c60bf0f\" data-element_type=\"widget\" data-e-type=\"widget\" data-widget_type=\"image.default\">\n\t\t\t\t\t\t\t\t\t\t\t\t\t\t\t<img fetchpriority=\"high\" decoding=\"async\" width=\"2560\" height=\"1102\" src=\"https:\/\/estantpro.com.co\/wp-content\/uploads\/2025\/09\/estantes-2.png\" class=\"attachment-full size-full wp-image-856\" alt=\"Estantes 2\" srcset=\"https:\/\/estantpro.com.co\/wp-content\/uploads\/2025\/09\/estantes-2.png 2560w, https:\/\/estantpro.com.co\/wp-content\/uploads\/2025\/09\/estantes-2-300x129.png 300w, https:\/\/estantpro.com.co\/wp-content\/uploads\/2025\/09\/estantes-2-1024x441.png 1024w, https:\/\/estantpro.com.co\/wp-content\/uploads\/2025\/09\/estantes-2-768x331.png 768w, https:\/\/estantpro.com.co\/wp-content\/uploads\/2025\/09\/estantes-2-1536x661.png 1536w, https:\/\/estantpro.com.co\/wp-content\/uploads\/2025\/09\/estantes-2-2048x882.png 2048w\" sizes=\"(max-width: 2560px) 100vw, 2560px\" title=\"Servicios\">\t\t\t\t\t\t\t\t\t\t\t\t\t\t\t<\/div>\n\t\t\t\t<div class=\"elementor-element elementor-element-4e0feb4 elementor-widget__width-initial elementor-widget elementor-widget-text-editor\" data-id=\"4e0feb4\" data-element_type=\"widget\" data-e-type=\"widget\" data-widget_type=\"text-editor.default\">\n\t\t\t\t\t\t\t\t\t<h5>Descubre la soluci\u00f3n perfecta para tus necesidades de almacenamiento con nuestras estanter\u00edas met\u00e1licas de segunda mano. Calidad y dise\u00f1o industrial para optimizar tus espacios.<\/h5>\t\t\t\t\t\t\t\t<\/div>\n\t\t\t\t<div class=\"elementor-element elementor-element-d09b9eb elementor-widget__width-initial texto-contorneado elementor-widget elementor-widget-text-editor\" data-id=\"d09b9eb\" data-element_type=\"widget\" data-e-type=\"widget\" data-widget_type=\"text-editor.default\">\n\t\t\t\t\t\t\t\t\t<h1 class=\"MsoNormal\"><span style=\"color: #ff6600;\">Calidad en estanter\u00edas met\u00e1licas<\/span><\/h1>\t\t\t\t\t\t\t\t<\/div>\n\t\t\t\t<\/div>\n\t\t<div class=\"elementor-element elementor-element-f0b5ba5 e-con-full e-flex e-con e-parent\" data-id=\"f0b5ba5\" data-element_type=\"container\" data-e-type=\"container\">\n\t\t\t\t<div class=\"elementor-element elementor-element-18dee36 elementor-widget elementor-widget-heading\" data-id=\"18dee36\" data-element_type=\"widget\" data-e-type=\"widget\" data-widget_type=\"heading.default\">\n\t\t\t\t\t<h2 class=\"elementor-heading-title elementor-size-default\">Nuestros Servicios<\/h2>\t\t\t\t<\/div>\n\t\t\t\t<div class=\"elementor-element elementor-element-cb681a4 elementor-widget__width-initial elementor-widget elementor-widget-heading\" data-id=\"cb681a4\" data-element_type=\"widget\" data-e-type=\"widget\" data-widget_type=\"heading.default\">\n\t\t\t\t\t<h4 class=\"elementor-heading-title elementor-size-default\">Explore nuestra gama de servicios dise\u00f1ados para satisfacer sus necesidades.<\/h4>\t\t\t\t<\/div>\n\t\t\t\t<\/div>\n\t\t<div class=\"elementor-element elementor-element-37ffd02 e-grid e-con-boxed e-con e-parent\" data-id=\"37ffd02\" data-element_type=\"container\" data-e-type=\"container\">\n\t\t\t\t\t<div class=\"e-con-inner\">\n\t\t\t\t<div class=\"elementor-element elementor-element-767a583 elementor-widget elementor-widget-image\" data-id=\"767a583\" data-element_type=\"widget\" data-e-type=\"widget\" data-widget_type=\"image.default\">\n\t\t\t\t\t\t\t\t\t\t\t\t\t\t\t<img decoding=\"async\" width=\"300\" height=\"168\" src=\"https:\/\/estantpro.com.co\/wp-content\/uploads\/2025\/09\/descarga-2.jpg\" class=\"attachment-1536x1536 size-1536x1536 wp-image-125\" alt=\"Descarga 2\" title=\"Servicios\">\t\t\t\t\t\t\t\t\t\t\t\t\t\t\t<\/div>\n\t\t\t\t<div class=\"elementor-element elementor-element-8efdd19 elementor-widget elementor-widget-image\" data-id=\"8efdd19\" data-element_type=\"widget\" data-e-type=\"widget\" data-widget_type=\"image.default\">\n\t\t\t\t\t\t\t\t\t\t\t\t\t\t\t<img decoding=\"async\" width=\"2560\" height=\"1586\" src=\"https:\/\/estantpro.com.co\/wp-content\/uploads\/2025\/09\/mujer-que-trabaja-en-el-almacen-scaled.jpg\" class=\"attachment-full size-full wp-image-234\" alt=\"Mujer Que Trabaja En El Almacen Scaled\" srcset=\"https:\/\/estantpro.com.co\/wp-content\/uploads\/2025\/09\/mujer-que-trabaja-en-el-almacen-scaled.jpg 2560w, https:\/\/estantpro.com.co\/wp-content\/uploads\/2025\/09\/mujer-que-trabaja-en-el-almacen-300x186.jpg 300w, https:\/\/estantpro.com.co\/wp-content\/uploads\/2025\/09\/mujer-que-trabaja-en-el-almacen-1024x634.jpg 1024w, https:\/\/estantpro.com.co\/wp-content\/uploads\/2025\/09\/mujer-que-trabaja-en-el-almacen-768x476.jpg 768w, https:\/\/estantpro.com.co\/wp-content\/uploads\/2025\/09\/mujer-que-trabaja-en-el-almacen-1536x952.jpg 1536w, https:\/\/estantpro.com.co\/wp-content\/uploads\/2025\/09\/mujer-que-trabaja-en-el-almacen-2048x1269.jpg 2048w\" sizes=\"(max-width: 2560px) 100vw, 2560px\" title=\"Servicios\">\t\t\t\t\t\t\t\t\t\t\t\t\t\t\t<\/div>\n\t\t\t\t<div class=\"elementor-element elementor-element-255f87b elementor-widget__width-inherit elementor-widget elementor-widget-image\" data-id=\"255f87b\" data-element_type=\"widget\" data-e-type=\"widget\" data-widget_type=\"image.default\">\n\t\t\t\t\t\t\t\t\t\t\t\t\t\t\t<img loading=\"lazy\" decoding=\"async\" width=\"300\" height=\"168\" src=\"https:\/\/estantpro.com.co\/wp-content\/uploads\/2025\/09\/descarga-1.jpg\" class=\"attachment-large size-large wp-image-122\" alt=\"Descarga 1\" title=\"Servicios\">\t\t\t\t\t\t\t\t\t\t\t\t\t\t\t<\/div>\n\t\t\t\t<div class=\"elementor-element elementor-element-5a2fe6f elementor-widget elementor-widget-text-editor\" data-id=\"5a2fe6f\" data-element_type=\"widget\" data-e-type=\"widget\" data-widget_type=\"text-editor.default\">\n\t\t\t\t\t\t\t\t\t<h5><span style=\"color: #ff6600;\">Venta de Estanter\u00edas<\/span><\/h5>\t\t\t\t\t\t\t\t<\/div>\n\t\t\t\t<div class=\"elementor-element elementor-element-ac55f39 elementor-widget-mobile__width-initial elementor-widget elementor-widget-text-editor\" data-id=\"ac55f39\" data-element_type=\"widget\" data-e-type=\"widget\" data-widget_type=\"text-editor.default\">\n\t\t\t\t\t\t\t\t\t<h5><span style=\"color: #ff6600;\">Asesor\u00eda Especializada<\/span><\/h5>\t\t\t\t\t\t\t\t<\/div>\n\t\t\t\t<div class=\"elementor-element elementor-element-d2ea384 elementor-widget elementor-widget-text-editor\" data-id=\"d2ea384\" data-element_type=\"widget\" data-e-type=\"widget\" data-widget_type=\"text-editor.default\">\n\t\t\t\t\t\t\t\t\t<h5><span style=\"color: #ff6600;\">\u00a0 \u00a0Asesor\u00eda Especializada<\/span><\/h5>\t\t\t\t\t\t\t\t<\/div>\n\t\t\t\t<div class=\"elementor-element elementor-element-1574ecd elementor-widget elementor-widget-text-editor\" data-id=\"1574ecd\" data-element_type=\"widget\" data-e-type=\"widget\" data-widget_type=\"text-editor.default\">\n\t\t\t\t\t\t\t\t\t<p class=\"MsoNormal\">Ofrecemos estanter\u00edas met\u00e1licas de segunda mano, ideales para optimizar su espacio y reducir costos.<\/p>\t\t\t\t\t\t\t\t<\/div>\n\t\t\t\t<div class=\"elementor-element elementor-element-1d06b1b elementor-widget-mobile__width-initial elementor-widget elementor-widget-text-editor\" data-id=\"1d06b1b\" data-element_type=\"widget\" data-e-type=\"widget\" data-widget_type=\"text-editor.default\">\n\t\t\t\t\t\t\t\t\t<p class=\"MsoNormal\">Brindamos asesor\u00eda experta para ayudarle a elegir las estanter\u00edas m\u00e1s adecuadas para su negocio.<\/p>\t\t\t\t\t\t\t\t<\/div>\n\t\t\t\t<div class=\"elementor-element elementor-element-65e686d elementor-widget elementor-widget-text-editor\" data-id=\"65e686d\" data-element_type=\"widget\" data-e-type=\"widget\" data-widget_type=\"text-editor.default\">\n\t\t\t\t\t\t\t\t\t<p class=\"MsoNormal\">Nuestro equipo realiza la instalaci\u00f3n de estanter\u00edas de forma segura y eficiente, garantizando su funcionalidad.<\/p>\t\t\t\t\t\t\t\t<\/div>\n\t\t\t\t\t<\/div>\n\t\t\t\t<\/div>\n\t\t<div class=\"elementor-element elementor-element-b15b044 e-con-full e-flex e-con e-parent\" data-id=\"b15b044\" data-element_type=\"container\" data-e-type=\"container\">\n\t\t\t\t<div class=\"elementor-element elementor-element-48031ed elementor-widget elementor-widget-heading\" data-id=\"48031ed\" data-element_type=\"widget\" data-e-type=\"widget\" data-widget_type=\"heading.default\">\n\t\t\t\t\t<h1 class=\"elementor-heading-title elementor-size-default\">\u00bfC\u00f3mo realizamos la instalaci\u00f3n?<\/h1>\t\t\t\t<\/div>\n\t\t\t\t<\/div>\n\t\t<div class=\"elementor-element elementor-element-bf28f02 e-grid e-con-boxed e-con e-parent\" data-id=\"bf28f02\" data-element_type=\"container\" data-e-type=\"container\" data-settings=\"{&quot;background_background&quot;:&quot;gradient&quot;}\">\n\t\t\t\t\t<div class=\"e-con-inner\">\n\t\t\t\t<div class=\"elementor-element elementor-element-2be1fe3 elementor-widget-mobile__width-initial elementor-widget elementor-widget-heading\" data-id=\"2be1fe3\" data-element_type=\"widget\" data-e-type=\"widget\" data-widget_type=\"heading.default\">\n\t\t\t\t\t<h2 class=\"elementor-heading-title elementor-size-default\">Paso 1<\/h2>\t\t\t\t<\/div>\n\t\t\t\t<div class=\"elementor-element elementor-element-f8670ed elementor-widget-mobile__width-initial elementor-widget elementor-widget-heading\" data-id=\"f8670ed\" data-element_type=\"widget\" data-e-type=\"widget\" data-widget_type=\"heading.default\">\n\t\t\t\t\t<h2 class=\"elementor-heading-title elementor-size-default\">Paso 2<\/h2>\t\t\t\t<\/div>\n\t\t\t\t<div class=\"elementor-element elementor-element-2d95edf elementor-widget-mobile__width-initial elementor-widget elementor-widget-heading\" data-id=\"2d95edf\" data-element_type=\"widget\" data-e-type=\"widget\" data-widget_type=\"heading.default\">\n\t\t\t\t\t<h2 class=\"elementor-heading-title elementor-size-default\">Paso 3<\/h2>\t\t\t\t<\/div>\n\t\t\t\t<div class=\"elementor-element elementor-element-ef4033b elementor-widget-mobile__width-initial elementor-widget elementor-widget-heading\" data-id=\"ef4033b\" data-element_type=\"widget\" data-e-type=\"widget\" data-widget_type=\"heading.default\">\n\t\t\t\t\t<h1 class=\"elementor-heading-title elementor-size-default\">Comenzamos con una evaluaci\u00f3n detallada del espacio donde se instalar\u00e1n las estanter\u00edas. Nuestro equipo t\u00e9cnico revisa las dimensiones y el entorno para asegurar una instalaci\u00f3n efectiva y segura.\u200b<\/h1>\t\t\t\t<\/div>\n\t\t\t\t<div class=\"elementor-element elementor-element-ca1c821 elementor-widget-mobile__width-initial elementor-widget elementor-widget-heading\" data-id=\"ca1c821\" data-element_type=\"widget\" data-e-type=\"widget\" data-widget_type=\"heading.default\">\n\t\t\t\t\t<h2 class=\"elementor-heading-title elementor-size-default\">Una vez que se han tomado las medidas, procedemos a la preparaci\u00f3n de los materiales. Seleccionamos estanter\u00edas met\u00e1licas de alta calidad y verificamos su integridad para garantizar un rendimiento \u00f3ptimo.\u200b<\/h2>\t\t\t\t<\/div>\n\t\t\t\t<div class=\"elementor-element elementor-element-82c00a8 elementor-widget-mobile__width-initial elementor-widget elementor-widget-heading\" data-id=\"82c00a8\" data-element_type=\"widget\" data-e-type=\"widget\" data-widget_type=\"heading.default\">\n\t\t\t\t\t<h2 class=\"elementor-heading-title elementor-size-default\">Con los materiales listos, empezamos la instalaci\u00f3n seg\u00fan las normativas de seguridad. Nuestro equipo asegura cada estanter\u00eda de manera precisa, lo que resulta en un sistema robusto y confiable.<\/h2>\t\t\t\t<\/div>\n\t\t\t\t<div class=\"elementor-element elementor-element-5bc176f elementor-widget elementor-widget-heading\" data-id=\"5bc176f\" data-element_type=\"widget\" data-e-type=\"widget\" data-widget_type=\"heading.default\">\n\t\t\t\t\t<h2 class=\"elementor-heading-title elementor-size-default\">Finalmente, realizamos una inspecci\u00f3n final para asegurar que todo est\u00e9 en orden y cumpla con los est\u00e1ndares de calidad. Una vez confirmada la instalaci\u00f3n, te brindamos instrucciones de uso y mantenimiento.\u200b<\/h2>\t\t\t\t<\/div>\n\t\t\t\t\t<\/div>\n\t\t\t\t<\/div>\n\t\t<div class=\"elementor-element elementor-element-f7f8e57 e-flex e-con-boxed e-con e-parent\" data-id=\"f7f8e57\" data-element_type=\"container\" data-e-type=\"container\" data-settings=\"{&quot;background_background&quot;:&quot;gradient&quot;}\">\n\t\t\t\t\t<div class=\"e-con-inner\">\n\t\t\t\t<div class=\"elementor-element elementor-element-6b059fb elementor-widget elementor-widget-heading\" data-id=\"6b059fb\" data-element_type=\"widget\" data-e-type=\"widget\" data-widget_type=\"heading.default\">\n\t\t\t\t\t<h1 class=\"elementor-heading-title elementor-size-default\">Cont\u00e1ctanos para m\u00e1s informaci\u00f3n<\/h1>\t\t\t\t<\/div>\n\t\t\t\t<div class=\"elementor-element elementor-element-e8a0a4e elementor-widget__width-initial elementor-widget elementor-widget-heading\" data-id=\"e8a0a4e\" data-element_type=\"widget\" data-e-type=\"widget\" data-widget_type=\"heading.default\">\n\t\t\t\t\t<h2 class=\"elementor-heading-title elementor-size-default\">\u00bfInteresado en adquirir estanter\u00edas met\u00e1licas de calidad? Te\ninvitamos a contactarnos para resolver tus dudas o recibir asesor\u00eda\npersonalizada. Estamos aqu\u00ed para ayudarte a encontrar la mejor soluci\u00f3n para\ntus necesidades de almacenamiento.<\/h2>\t\t\t\t<\/div>\n\t\t\t\t<div class=\"elementor-element elementor-element-92935fb elementor-widget elementor-widget-html\" data-id=\"92935fb\" data-element_type=\"widget\" data-e-type=\"widget\" data-widget_type=\"html.default\">\n\t\t\t\t\t<a href=\"https:\/\/wa.me\/573044758400\"\r\n   target=\"_blank\"\r\n   onclick=\"gtag('event','conversion',{'send_to':'AW-17555885437\/_cFmCO-lkb0bEP2aprNB'});\"\r\n   style=\"display:inline-block;padding:1px 24px;border-radius:8px;background:#FF6802;color:#fff;text-decoration:none;font-weight:600;\">\r\n   Cont\u00e1ctanos\r\n<\/a>\r\n\t\t\t\t<\/div>\n\t\t\t\t\t<\/div>\n\t\t\t\t<\/div>\n\t\t\t\t<\/div>\n\t\t","protected":false},"excerpt":{"rendered":"<p>Descubre la soluci\u00f3n perfecta para tus necesidades de almacenamiento con nuestras estanter\u00edas met\u00e1licas de segunda mano. Calidad y dise\u00f1o industrial [&hellip;]<\/p>\n","protected":false},"author":1,"featured_media":0,"parent":0,"menu_order":0,"comment_status":"closed","ping_status":"closed","template":"","meta":{"_uag_custom_page_level_css":"","site-sidebar-layout":"default","site-content-layout":"","ast-site-content-layout":"default","site-content-style":"default","site-sidebar-style":"default","ast-global-header-display":"","ast-banner-title-visibility":"","ast-main-header-display":"","ast-hfb-above-header-display":"","ast-hfb-below-header-display":"","ast-hfb-mobile-header-display":"","site-post-title":"disabled","ast-breadcrumbs-content":"","ast-featured-img":"","footer-sml-layout":"","ast-disable-related-posts":"","theme-transparent-header-meta":"","adv-header-id-meta":"","stick-header-meta":"","header-above-stick-meta":"","header-main-stick-meta":"","header-below-stick-meta":"","astra-migrate-meta-layouts":"default","ast-page-background-enabled":"default","ast-page-background-meta":{"desktop":{"background-color":"var(--ast-global-color-5)","background-image":"","background-repeat":"repeat","background-position":"center center","background-size":"auto","background-attachment":"scroll","background-type":"","background-media":"","overlay-type":"","overlay-color":"","overlay-opacity":"","overlay-gradient":""},"tablet":{"background-color":"","background-image":"","background-repeat":"repeat","background-position":"center center","background-size":"auto","background-attachment":"scroll","background-type":"","background-media":"","overlay-type":"","overlay-color":"","overlay-opacity":"","overlay-gradient":""},"mobile":{"background-color":"","background-image":"","background-repeat":"repeat","background-position":"center center","background-size":"auto","background-attachment":"scroll","background-type":"","background-media":"","overlay-type":"","overlay-color":"","overlay-opacity":"","overlay-gradient":""}},"ast-content-background-meta":{"desktop":{"background-color":"var(--ast-global-color-4)","background-image":"","background-repeat":"repeat","background-position":"center center","background-size":"auto","background-attachment":"scroll","background-type":"","background-media":"","overlay-type":"","overlay-color":"","overlay-opacity":"","overlay-gradient":""},"tablet":{"background-color":"var(--ast-global-color-4)","background-image":"","background-repeat":"repeat","background-position":"center center","background-size":"auto","background-attachment":"scroll","background-type":"","background-media":"","overlay-type":"","overlay-color":"","overlay-opacity":"","overlay-gradient":""},"mobile":{"background-color":"var(--ast-global-color-4)","background-image":"","background-repeat":"repeat","background-position":"center center","background-size":"auto","background-attachment":"scroll","background-type":"","background-media":"","overlay-type":"","overlay-color":"","overlay-opacity":"","overlay-gradient":""}},"footnotes":""},"class_list":["post-11","page","type-page","status-publish","hentry"],"aioseo_notices":[],"yoast_head":"<!-- This site is optimized with the Yoast SEO plugin v27.4 - https:\/\/yoast.com\/product\/yoast-seo-wordpress\/ -->\n<title>Servicios -<\/title>\n<meta name=\"robots\" content=\"index, follow, max-snippet:-1, max-image-preview:large, max-video-preview:-1\" \/>\n<link rel=\"canonical\" href=\"https:\/\/estantpro.com.co\/index.php\/servicios\/\" \/>\n<meta property=\"og:locale\" content=\"es_ES\" \/>\n<meta property=\"og:type\" content=\"article\" \/>\n<meta property=\"og:title\" content=\"Servicios -\" \/>\n<meta property=\"og:description\" content=\"Descubre la soluci\u00f3n perfecta para tus necesidades de almacenamiento con nuestras estanter\u00edas met\u00e1licas de segunda mano. Calidad y dise\u00f1o industrial [&hellip;]\" \/>\n<meta property=\"og:url\" content=\"https:\/\/estantpro.com.co\/index.php\/servicios\/\" \/>\n<meta property=\"article:modified_time\" content=\"2025-11-24T14:59:43+00:00\" \/>\n<meta property=\"og:image\" content=\"https:\/\/estantpro.com.co\/wp-content\/uploads\/2025\/09\/estantes-2.png\" \/>\n<meta name=\"twitter:card\" content=\"summary_large_image\" \/>\n<meta name=\"twitter:label1\" content=\"Tiempo de lectura\" \/>\n\t<meta name=\"twitter:data1\" content=\"1 minuto\" \/>\n<script type=\"application\/ld+json\" class=\"yoast-schema-graph\">{\"@context\":\"https:\\\/\\\/schema.org\",\"@graph\":[{\"@type\":\"WebPage\",\"@id\":\"https:\\\/\\\/estantpro.com.co\\\/index.php\\\/servicios\\\/\",\"url\":\"https:\\\/\\\/estantpro.com.co\\\/index.php\\\/servicios\\\/\",\"name\":\"Servicios -\",\"isPartOf\":{\"@id\":\"https:\\\/\\\/estantpro.com.co\\\/#website\"},\"primaryImageOfPage\":{\"@id\":\"https:\\\/\\\/estantpro.com.co\\\/index.php\\\/servicios\\\/#primaryimage\"},\"image\":{\"@id\":\"https:\\\/\\\/estantpro.com.co\\\/index.php\\\/servicios\\\/#primaryimage\"},\"thumbnailUrl\":\"https:\\\/\\\/estantpro.com.co\\\/wp-content\\\/uploads\\\/2025\\\/09\\\/estantes-2.png\",\"datePublished\":\"2025-09-29T14:13:20+00:00\",\"dateModified\":\"2025-11-24T14:59:43+00:00\",\"breadcrumb\":{\"@id\":\"https:\\\/\\\/estantpro.com.co\\\/index.php\\\/servicios\\\/#breadcrumb\"},\"inLanguage\":\"es-CO\",\"potentialAction\":[{\"@type\":\"ReadAction\",\"target\":[\"https:\\\/\\\/estantpro.com.co\\\/index.php\\\/servicios\\\/\"]}]},{\"@type\":\"ImageObject\",\"inLanguage\":\"es-CO\",\"@id\":\"https:\\\/\\\/estantpro.com.co\\\/index.php\\\/servicios\\\/#primaryimage\",\"url\":\"https:\\\/\\\/estantpro.com.co\\\/wp-content\\\/uploads\\\/2025\\\/09\\\/estantes-2.png\",\"contentUrl\":\"https:\\\/\\\/estantpro.com.co\\\/wp-content\\\/uploads\\\/2025\\\/09\\\/estantes-2.png\",\"width\":2560,\"height\":1102},{\"@type\":\"BreadcrumbList\",\"@id\":\"https:\\\/\\\/estantpro.com.co\\\/index.php\\\/servicios\\\/#breadcrumb\",\"itemListElement\":[{\"@type\":\"ListItem\",\"position\":1,\"name\":\"Inicio\",\"item\":\"https:\\\/\\\/estantpro.com.co\\\/\"},{\"@type\":\"ListItem\",\"position\":2,\"name\":\"Servicios\"}]},{\"@type\":\"WebSite\",\"@id\":\"https:\\\/\\\/estantpro.com.co\\\/#website\",\"url\":\"https:\\\/\\\/estantpro.com.co\\\/\",\"name\":\"\",\"description\":\"EstantPro\",\"potentialAction\":[{\"@type\":\"SearchAction\",\"target\":{\"@type\":\"EntryPoint\",\"urlTemplate\":\"https:\\\/\\\/estantpro.com.co\\\/?s={search_term_string}\"},\"query-input\":{\"@type\":\"PropertyValueSpecification\",\"valueRequired\":true,\"valueName\":\"search_term_string\"}}],\"inLanguage\":\"es-CO\"}]}<\/script>\n<!-- \/ Yoast SEO plugin. -->","yoast_head_json":{"title":"Servicios -","robots":{"index":"index","follow":"follow","max-snippet":"max-snippet:-1","max-image-preview":"max-image-preview:large","max-video-preview":"max-video-preview:-1"},"canonical":"https:\/\/estantpro.com.co\/index.php\/servicios\/","og_locale":"es_ES","og_type":"article","og_title":"Servicios -","og_description":"Descubre la soluci\u00f3n perfecta para tus necesidades de almacenamiento con nuestras estanter\u00edas met\u00e1licas de segunda mano. Calidad y dise\u00f1o industrial [&hellip;]","og_url":"https:\/\/estantpro.com.co\/index.php\/servicios\/","article_modified_time":"2025-11-24T14:59:43+00:00","og_image":[{"url":"https:\/\/estantpro.com.co\/wp-content\/uploads\/2025\/09\/estantes-2.png","type":"","width":"","height":""}],"twitter_card":"summary_large_image","twitter_misc":{"Tiempo de lectura":"1 minuto"},"schema":{"@context":"https:\/\/schema.org","@graph":[{"@type":"WebPage","@id":"https:\/\/estantpro.com.co\/index.php\/servicios\/","url":"https:\/\/estantpro.com.co\/index.php\/servicios\/","name":"Servicios -","isPartOf":{"@id":"https:\/\/estantpro.com.co\/#website"},"primaryImageOfPage":{"@id":"https:\/\/estantpro.com.co\/index.php\/servicios\/#primaryimage"},"image":{"@id":"https:\/\/estantpro.com.co\/index.php\/servicios\/#primaryimage"},"thumbnailUrl":"https:\/\/estantpro.com.co\/wp-content\/uploads\/2025\/09\/estantes-2.png","datePublished":"2025-09-29T14:13:20+00:00","dateModified":"2025-11-24T14:59:43+00:00","breadcrumb":{"@id":"https:\/\/estantpro.com.co\/index.php\/servicios\/#breadcrumb"},"inLanguage":"es-CO","potentialAction":[{"@type":"ReadAction","target":["https:\/\/estantpro.com.co\/index.php\/servicios\/"]}]},{"@type":"ImageObject","inLanguage":"es-CO","@id":"https:\/\/estantpro.com.co\/index.php\/servicios\/#primaryimage","url":"https:\/\/estantpro.com.co\/wp-content\/uploads\/2025\/09\/estantes-2.png","contentUrl":"https:\/\/estantpro.com.co\/wp-content\/uploads\/2025\/09\/estantes-2.png","width":2560,"height":1102},{"@type":"BreadcrumbList","@id":"https:\/\/estantpro.com.co\/index.php\/servicios\/#breadcrumb","itemListElement":[{"@type":"ListItem","position":1,"name":"Inicio","item":"https:\/\/estantpro.com.co\/"},{"@type":"ListItem","position":2,"name":"Servicios"}]},{"@type":"WebSite","@id":"https:\/\/estantpro.com.co\/#website","url":"https:\/\/estantpro.com.co\/","name":"","description":"EstantPro","potentialAction":[{"@type":"SearchAction","target":{"@type":"EntryPoint","urlTemplate":"https:\/\/estantpro.com.co\/?s={search_term_string}"},"query-input":{"@type":"PropertyValueSpecification","valueRequired":true,"valueName":"search_term_string"}}],"inLanguage":"es-CO"}]}},"_hostinger_reach_plugin_has_subscription_block":false,"_hostinger_reach_plugin_is_elementor":false,"uagb_featured_image_src":{"full":false,"thumbnail":false,"medium":false,"medium_large":false,"large":false,"1536x1536":false,"2048x2048":false},"uagb_author_info":{"display_name":"colombiaestanterias@gmail.com","author_link":"https:\/\/estantpro.com.co\/index.php\/author\/colombiaestanteriasgmail-com\/"},"uagb_comment_info":0,"uagb_excerpt":"Descubre la soluci\u00f3n perfecta para tus necesidades de almacenamiento con nuestras estanter\u00edas met\u00e1licas de segunda mano. Calidad y dise\u00f1o industrial [&hellip;]","_links":{"self":[{"href":"https:\/\/estantpro.com.co\/index.php\/wp-json\/wp\/v2\/pages\/11","targetHints":{"allow":["GET"]}}],"collection":[{"href":"https:\/\/estantpro.com.co\/index.php\/wp-json\/wp\/v2\/pages"}],"about":[{"href":"https:\/\/estantpro.com.co\/index.php\/wp-json\/wp\/v2\/types\/page"}],"author":[{"embeddable":true,"href":"https:\/\/estantpro.com.co\/index.php\/wp-json\/wp\/v2\/users\/1"}],"replies":[{"embeddable":true,"href":"https:\/\/estantpro.com.co\/index.php\/wp-json\/wp\/v2\/comments?post=11"}],"version-history":[{"count":49,"href":"https:\/\/estantpro.com.co\/index.php\/wp-json\/wp\/v2\/pages\/11\/revisions"}],"predecessor-version":[{"id":939,"href":"https:\/\/estantpro.com.co\/index.php\/wp-json\/wp\/v2\/pages\/11\/revisions\/939"}],"wp:attachment":[{"href":"https:\/\/estantpro.com.co\/index.php\/wp-json\/wp\/v2\/media?parent=11"}],"curies":[{"name":"wp","href":"https:\/\/api.w.org\/{rel}","templated":true}]}}