{"id":13,"date":"2025-09-26T17:06:46","date_gmt":"2025-09-26T22:06:46","guid":{"rendered":"https:\/\/estantpro.com.co\/?page_id=13"},"modified":"2025-11-24T12:36:02","modified_gmt":"2025-11-24T17:36:02","slug":"nosotros","status":"publish","type":"page","link":"https:\/\/estantpro.com.co\/index.php\/nosotros\/","title":{"rendered":"Nosotros"},"content":{"rendered":"\t\t<div data-elementor-type=\"wp-page\" data-elementor-id=\"13\" class=\"elementor elementor-13\">\n\t\t\t\t<div class=\"elementor-element elementor-element-2e6fd5b e-flex e-con-boxed e-con e-parent\" data-id=\"2e6fd5b\" data-element_type=\"container\" data-e-type=\"container\" data-settings=\"{&quot;background_background&quot;:&quot;classic&quot;}\">\n\t\t\t\t\t<div class=\"e-con-inner\">\n\t\t\t\t<div class=\"elementor-element elementor-element-fd89ba5 elementor-widget elementor-widget-image\" data-id=\"fd89ba5\" data-element_type=\"widget\" data-e-type=\"widget\" data-widget_type=\"image.default\">\n\t\t\t\t\t\t\t\t\t\t\t\t\t\t\t<img fetchpriority=\"high\" decoding=\"async\" width=\"2400\" height=\"1350\" src=\"https:\/\/estantpro.com.co\/wp-content\/uploads\/2025\/09\/estanterias-paletizacion-convencional-1.jpg\" class=\"attachment-full size-full wp-image-113\" alt=\"Estanterias Paletizacion Convencional 1\" srcset=\"https:\/\/estantpro.com.co\/wp-content\/uploads\/2025\/09\/estanterias-paletizacion-convencional-1.jpg 2400w, https:\/\/estantpro.com.co\/wp-content\/uploads\/2025\/09\/estanterias-paletizacion-convencional-1-300x169.jpg 300w, https:\/\/estantpro.com.co\/wp-content\/uploads\/2025\/09\/estanterias-paletizacion-convencional-1-1024x576.jpg 1024w, https:\/\/estantpro.com.co\/wp-content\/uploads\/2025\/09\/estanterias-paletizacion-convencional-1-768x432.jpg 768w, https:\/\/estantpro.com.co\/wp-content\/uploads\/2025\/09\/estanterias-paletizacion-convencional-1-1536x864.jpg 1536w, https:\/\/estantpro.com.co\/wp-content\/uploads\/2025\/09\/estanterias-paletizacion-convencional-1-2048x1152.jpg 2048w\" sizes=\"(max-width: 2400px) 100vw, 2400px\" title=\"Nosotros\">\t\t\t\t\t\t\t\t\t\t\t\t\t\t\t<\/div>\n\t\t\t\t<div class=\"elementor-element elementor-element-f643cde elementor-widget elementor-widget-html\" data-id=\"f643cde\" data-element_type=\"widget\" data-e-type=\"widget\" data-widget_type=\"html.default\">\n\t\t\t\t\t<a href=\"https:\/\/wa.me\/573044758400\"\r\n   target=\"_blank\"\r\n   onclick=\"gtag('event','conversion',{'send_to':'AW-17555885437\/_cFmCO-lkb0bEP2aprNB'});\"\r\n   style=\"display:inline-block;padding:1px 24px;border-radius:8px;background:#FF6802;color:#fff;text-decoration:none;font-weight:600;\">\r\n   Cotiza F\u00e1cil por WhatsApp\r\n<\/a>\t\t\t\t<\/div>\n\t\t\t\t<div class=\"elementor-element elementor-element-80fde1c elementor-widget__width-initial texto-contorneado elementor-widget elementor-widget-text-editor\" data-id=\"80fde1c\" data-element_type=\"widget\" data-e-type=\"widget\" data-widget_type=\"text-editor.default\">\n\t\t\t\t\t\t\t\t\t<h1 class=\"MsoNormal\"><span style=\"color: #ff6600;\">Estanter\u00edas met\u00e1licas para su negocio<\/span><\/h1>\t\t\t\t\t\t\t\t<\/div>\n\t\t\t\t<div class=\"elementor-element elementor-element-33fcc86 elementor-widget__width-initial elementor-widget elementor-widget-text-editor\" data-id=\"33fcc86\" data-element_type=\"widget\" data-e-type=\"widget\" data-widget_type=\"text-editor.default\">\n\t\t\t\t\t\t\t\t\t<h5 class=\"MsoNormal\" style=\"text-align: center;\">Le damos la bienvenida a nuestra empresa, especializada en\u00a0la comercializaci\u00f3n de estanter\u00edas met\u00e1licas de segunda mano en Colombia. Con una amplia experiencia en la industria, ofrecemos soluciones pr\u00e1cticas y eficientes para el almacenamiento y la organizaci\u00f3n de su negocio. Explora nuestro cat\u00e1logo y descubre c\u00f3mo podemos ayudar a optimizar tu espacio de trabajo.<\/h5>\t\t\t\t\t\t\t\t<\/div>\n\t\t\t\t\t<\/div>\n\t\t\t\t<\/div>\n\t\t<div class=\"elementor-element elementor-element-729cc8c e-con-full e-flex e-con e-parent\" data-id=\"729cc8c\" data-element_type=\"container\" data-e-type=\"container\">\n\t\t\t\t<div class=\"elementor-element elementor-element-2e090a1 elementor-widget__width-initial elementor-widget elementor-widget-heading\" data-id=\"2e090a1\" data-element_type=\"widget\" data-e-type=\"widget\" data-widget_type=\"heading.default\">\n\t\t\t\t\t<h1 class=\"elementor-heading-title elementor-size-default\">Nuestra Evoluci\u00f3n en el Mercado de Estanter\u00edas<\/h1>\t\t\t\t<\/div>\n\t\t\t\t<div class=\"elementor-element elementor-element-e305842 elementor-widget__width-initial elementor-widget-mobile__width-initial elementor-widget elementor-widget-text-editor\" data-id=\"e305842\" data-element_type=\"widget\" data-e-type=\"widget\" data-widget_type=\"text-editor.default\">\n\t\t\t\t\t\t\t\t\t<h5 class=\"MsoNormal\" style=\"text-align: center;\">Nacimos con el objetivo de ofrecer soluciones efectivas en estanter\u00edas met\u00e1licas. Desde nuestros inicios, hemos crecido y mejorado constantemente. Hoy, contamos con una s\u00f3lida reputaci\u00f3n en el mercado colombiano, brindando productos de calidad y un servicio excepcional.<\/h5>\t\t\t\t\t\t\t\t<\/div>\n\t\t\t\t<div class=\"elementor-element elementor-element-f58283c elementor-widget__width-initial elementor-widget elementor-widget-text-editor\" data-id=\"f58283c\" data-element_type=\"widget\" data-e-type=\"widget\" data-widget_type=\"text-editor.default\">\n\t\t\t\t\t\t\t\t\t<ul style=\"text-align: center;\"><li><h5>M\u00e1s de 10 a\u00f1os de experiencia en el sector.<\/h5><\/li><li><h5>Crecimiento constante y expansi\u00f3n de nuestros servicios.<\/h5><\/li><li><h5>Compromiso con la calidad y atenci\u00f3n al cliente.<\/h5><\/li><\/ul>\t\t\t\t\t\t\t\t<\/div>\n\t\t\t\t<\/div>\n\t\t<div class=\"elementor-element elementor-element-3bdfdd2 e-grid e-con-boxed e-con e-parent\" data-id=\"3bdfdd2\" data-element_type=\"container\" data-e-type=\"container\" data-settings=\"{&quot;background_background&quot;:&quot;gradient&quot;}\">\n\t\t\t\t\t<div class=\"e-con-inner\">\n\t\t\t\t<div class=\"elementor-element elementor-element-0a7ba0f elementor-widget elementor-widget-heading\" data-id=\"0a7ba0f\" data-element_type=\"widget\" data-e-type=\"widget\" data-widget_type=\"heading.default\">\n\t\t\t\t\t<h6 class=\"elementor-heading-title elementor-size-default\">Venta de Estanter\u00edas<\/h6>\t\t\t\t<\/div>\n\t\t\t\t<div class=\"elementor-element elementor-element-ee5938b elementor-widget elementor-widget-heading\" data-id=\"ee5938b\" data-element_type=\"widget\" data-e-type=\"widget\" data-widget_type=\"heading.default\">\n\t\t\t\t\t<h2 class=\"elementor-heading-title elementor-size-default\">Asesor\u00eda Personalizada<\/h2>\t\t\t\t<\/div>\n\t\t\t\t<div class=\"elementor-element elementor-element-80113b8 elementor-widget elementor-widget-heading\" data-id=\"80113b8\" data-element_type=\"widget\" data-e-type=\"widget\" data-widget_type=\"heading.default\">\n\t\t\t\t\t<h2 class=\"elementor-heading-title elementor-size-default\">Instalaci\u00f3n Profesional<\/h2>\t\t\t\t<\/div>\n\t\t\t\t<div class=\"elementor-element elementor-element-65297ef elementor-widget elementor-widget-heading\" data-id=\"65297ef\" data-element_type=\"widget\" data-e-type=\"widget\" data-widget_type=\"heading.default\">\n\t\t\t\t\t<h2 class=\"elementor-heading-title elementor-size-default\">Nos ajustamos a tu presupuesto<\/h2>\t\t\t\t<\/div>\n\t\t\t\t<div class=\"elementor-element elementor-element-2217be9 elementor-widget elementor-widget-heading\" data-id=\"2217be9\" data-element_type=\"widget\" data-e-type=\"widget\" data-widget_type=\"heading.default\">\n\t\t\t\t\t<h2 class=\"elementor-heading-title elementor-size-default\">Consulta gratuita disponible\n<\/h2>\t\t\t\t<\/div>\n\t\t\t\t<div class=\"elementor-element elementor-element-8062768 elementor-widget elementor-widget-heading\" data-id=\"8062768\" data-element_type=\"widget\" data-e-type=\"widget\" data-widget_type=\"heading.default\">\n\t\t\t\t\t<h2 class=\"elementor-heading-title elementor-size-default\">Servicio \u00e1gil y confiable<\/h2>\t\t\t\t<\/div>\n\t\t\t\t<div class=\"elementor-element elementor-element-c433465 elementor-widget-mobile__width-initial elementor-widget elementor-widget-heading\" data-id=\"c433465\" data-element_type=\"widget\" data-e-type=\"widget\" data-widget_type=\"heading.default\">\n\t\t\t\t\t<h5 class=\"elementor-heading-title elementor-size-default\">Nuestra experiencia en la venta de estanter\u00edas met\u00e1licas de segunda mano garantiza que encuentres la soluci\u00f3n ideal para tu espacio. Ofrecemos productos robustos y funcionales para el almacenamiento de mercanc\u00edas, adapt\u00e1ndonos a tus necesidades espec\u00edficas.<\/h5>\t\t\t\t<\/div>\n\t\t\t\t<div class=\"elementor-element elementor-element-96a5e3f elementor-widget-mobile__width-initial elementor-widget elementor-widget-heading\" data-id=\"96a5e3f\" data-element_type=\"widget\" data-e-type=\"widget\" data-widget_type=\"heading.default\">\n\t\t\t\t\t<h5 class=\"elementor-heading-title elementor-size-default\">Te acompa\u00f1amos en todo el proceso, desde la elecci\u00f3n hasta la instalaci\u00f3n de tus estanter\u00edas. Nuestro equipo de expertos est\u00e1 listo para asesorarte, asegurando que tu inversi\u00f3n se ajuste a tus requerimientos y maximice el uso del espacio.<\/h5>\t\t\t\t<\/div>\n\t\t\t\t<div class=\"elementor-element elementor-element-5daf461 elementor-widget-mobile__width-initial elementor-widget elementor-widget-heading\" data-id=\"5daf461\" data-element_type=\"widget\" data-e-type=\"widget\" data-widget_type=\"heading.default\">\n\t\t\t\t\t<h2 class=\"elementor-heading-title elementor-size-default\">Nuestra instalaci\u00f3n se realiza de manera eficiente y sin inconvenientes, garantizando que tus estanter\u00edas est\u00e9n listas para su uso en el menor tiempo posible. Valoramos tu tiempo y nos comprometemos con una ejecuci\u00f3n profesional.<\/h2>\t\t\t\t<\/div>\n\t\t\t\t<div class=\"elementor-element elementor-element-895884b elementor-widget elementor-widget-html\" data-id=\"895884b\" data-element_type=\"widget\" data-e-type=\"widget\" data-widget_type=\"html.default\">\n\t\t\t\t\t<a href=\"https:\/\/wa.me\/573044758400\"\r\n   target=\"_blank\"\r\n   onclick=\"gtag('event','conversion',{'send_to':'AW-17555885437\/_cFmCO-lkb0bEP2aprNB'});\"\r\n   style=\"display:inline-block;padding:1px 24px;border-radius:8px;background:#FF6802;color:#fff;text-decoration:none;font-weight:600;\">\r\n   M\u00e1s Informaci\u00f3n\r\n<\/a>\r\n\t\t\t\t<\/div>\n\t\t\t\t<div class=\"elementor-element elementor-element-81e8125 elementor-widget elementor-widget-html\" data-id=\"81e8125\" data-element_type=\"widget\" data-e-type=\"widget\" data-widget_type=\"html.default\">\n\t\t\t\t\t<a href=\"https:\/\/wa.me\/573044758400\"\r\n   target=\"_blank\"\r\n   onclick=\"gtag('event','conversion',{'send_to':'AW-17555885437\/_cFmCO-lkb0bEP2aprNB'});\"\r\n   style=\"display:inline-block;padding:1px 24px;border-radius:8px;background:#FF6802;color:#fff;text-decoration:none;font-weight:600;\">\r\n   Saber M\u00e1s\r\n<\/a>\r\n\t\t\t\t<\/div>\n\t\t\t\t<div class=\"elementor-element elementor-element-d5a361d elementor-widget elementor-widget-html\" data-id=\"d5a361d\" data-element_type=\"widget\" data-e-type=\"widget\" data-widget_type=\"html.default\">\n\t\t\t\t\t<a href=\"https:\/\/wa.me\/573044758400\"\r\n   target=\"_blank\"\r\n   onclick=\"gtag('event','conversion',{'send_to':'AW-17555885437\/_cFmCO-lkb0bEP2aprNB'});\"\r\n   style=\"display:inline-block;padding:1px 24px;border-radius:8px;background:#FF6802;color:#fff;text-decoration:none;font-weight:600;\">\r\n   Contactarnos\r\n<\/a>\r\n\t\t\t\t<\/div>\n\t\t\t\t\t<\/div>\n\t\t\t\t<\/div>\n\t\t<div class=\"elementor-element elementor-element-9b18b63 e-flex e-con-boxed e-con e-parent\" data-id=\"9b18b63\" data-element_type=\"container\" data-e-type=\"container\">\n\t\t\t\t\t<div class=\"e-con-inner\">\n\t\t\t\t<div class=\"elementor-element elementor-element-93eee4a elementor-widget elementor-widget-heading\" data-id=\"93eee4a\" data-element_type=\"widget\" data-e-type=\"widget\" data-widget_type=\"heading.default\">\n\t\t\t\t\t<h1 class=\"elementor-heading-title elementor-size-default\">Solicita m\u00e1s informaci\u00f3n hoy mismo<\/h1>\t\t\t\t<\/div>\n\t\t\t\t\t<\/div>\n\t\t\t\t<\/div>\n\t\t<div class=\"elementor-element elementor-element-c704d9e e-flex e-con-boxed e-con e-parent\" data-id=\"c704d9e\" data-element_type=\"container\" data-e-type=\"container\">\n\t\t\t\t\t<div class=\"e-con-inner\">\n\t\t\t\t<div class=\"elementor-element elementor-element-e360991 elementor-widget elementor-widget-html\" data-id=\"e360991\" data-element_type=\"widget\" data-e-type=\"widget\" data-widget_type=\"html.default\">\n\t\t\t\t\t<a href=\"https:\/\/wa.me\/573044758400\"\r\n   target=\"_blank\"\r\n   onclick=\"gtag('event','conversion',{'send_to':'AW-17555885437\/_cFmCO-lkb0bEP2aprNB'});\"\r\n   style=\"display:inline-block;padding:1px 24px;border-radius:8px;background:#FF6802;color:#fff;text-decoration:none;font-weight:600;\">\r\n   Cont\u00e1ctanos\r\n<\/a>\r\n\t\t\t\t<\/div>\n\t\t\t\t\t<\/div>\n\t\t\t\t<\/div>\n\t\t<div class=\"elementor-element elementor-element-1c25e37 e-flex e-con-boxed e-con e-parent\" data-id=\"1c25e37\" data-element_type=\"container\" data-e-type=\"container\">\n\t\t\t\t\t<div class=\"e-con-inner\">\n\t\t\t\t\t<\/div>\n\t\t\t\t<\/div>\n\t\t\t\t<\/div>\n\t\t","protected":false},"excerpt":{"rendered":"<p>Cotiza F\u00e1cil por WhatsApp Estanter\u00edas met\u00e1licas para su negocio Le damos la bienvenida a nuestra empresa, especializada en\u00a0la comercializaci\u00f3n de [&hellip;]<\/p>\n","protected":false},"author":1,"featured_media":0,"parent":0,"menu_order":0,"comment_status":"closed","ping_status":"closed","template":"","meta":{"_uag_custom_page_level_css":"","site-sidebar-layout":"no-sidebar","site-content-layout":"","ast-site-content-layout":"full-width-container","site-content-style":"default","site-sidebar-style":"default","ast-global-header-display":"","ast-banner-title-visibility":"","ast-main-header-display":"","ast-hfb-above-header-display":"","ast-hfb-below-header-display":"","ast-hfb-mobile-header-display":"","site-post-title":"disabled","ast-breadcrumbs-content":"","ast-featured-img":"disabled","footer-sml-layout":"","ast-disable-related-posts":"","theme-transparent-header-meta":"","adv-header-id-meta":"","stick-header-meta":"","header-above-stick-meta":"","header-main-stick-meta":"","header-below-stick-meta":"","astra-migrate-meta-layouts":"default","ast-page-background-enabled":"default","ast-page-background-meta":{"desktop":{"background-color":"var(--ast-global-color-5)","background-image":"","background-repeat":"repeat","background-position":"center center","background-size":"auto","background-attachment":"scroll","background-type":"","background-media":"","overlay-type":"","overlay-color":"","overlay-opacity":"","overlay-gradient":""},"tablet":{"background-color":"","background-image":"","background-repeat":"repeat","background-position":"center center","background-size":"auto","background-attachment":"scroll","background-type":"","background-media":"","overlay-type":"","overlay-color":"","overlay-opacity":"","overlay-gradient":""},"mobile":{"background-color":"","background-image":"","background-repeat":"repeat","background-position":"center center","background-size":"auto","background-attachment":"scroll","background-type":"","background-media":"","overlay-type":"","overlay-color":"","overlay-opacity":"","overlay-gradient":""}},"ast-content-background-meta":{"desktop":{"background-color":"var(--ast-global-color-4)","background-image":"","background-repeat":"repeat","background-position":"center center","background-size":"auto","background-attachment":"scroll","background-type":"","background-media":"","overlay-type":"","overlay-color":"","overlay-opacity":"","overlay-gradient":""},"tablet":{"background-color":"var(--ast-global-color-4)","background-image":"","background-repeat":"repeat","background-position":"center center","background-size":"auto","background-attachment":"scroll","background-type":"","background-media":"","overlay-type":"","overlay-color":"","overlay-opacity":"","overlay-gradient":""},"mobile":{"background-color":"var(--ast-global-color-4)","background-image":"","background-repeat":"repeat","background-position":"center center","background-size":"auto","background-attachment":"scroll","background-type":"","background-media":"","overlay-type":"","overlay-color":"","overlay-opacity":"","overlay-gradient":""}},"footnotes":""},"class_list":["post-13","page","type-page","status-publish","hentry"],"aioseo_notices":[],"yoast_head":"<!-- This site is optimized with the Yoast SEO plugin v27.4 - https:\/\/yoast.com\/product\/yoast-seo-wordpress\/ -->\n<title>Nosotros -<\/title>\n<meta name=\"robots\" content=\"index, follow, max-snippet:-1, max-image-preview:large, max-video-preview:-1\" \/>\n<link rel=\"canonical\" href=\"https:\/\/estantpro.com.co\/index.php\/nosotros\/\" \/>\n<meta property=\"og:locale\" content=\"es_ES\" \/>\n<meta property=\"og:type\" content=\"article\" \/>\n<meta property=\"og:title\" content=\"Nosotros -\" \/>\n<meta property=\"og:description\" content=\"Cotiza F\u00e1cil por WhatsApp Estanter\u00edas met\u00e1licas para su negocio Le damos la bienvenida a nuestra empresa, especializada en\u00a0la comercializaci\u00f3n de [&hellip;]\" \/>\n<meta property=\"og:url\" content=\"https:\/\/estantpro.com.co\/index.php\/nosotros\/\" \/>\n<meta property=\"article:modified_time\" content=\"2025-11-24T17:36:02+00:00\" \/>\n<meta property=\"og:image\" content=\"https:\/\/estantpro.com.co\/wp-content\/uploads\/2025\/09\/estanterias-paletizacion-convencional-1.jpg\" \/>\n<meta name=\"twitter:card\" content=\"summary_large_image\" \/>\n<script type=\"application\/ld+json\" class=\"yoast-schema-graph\">{\"@context\":\"https:\\\/\\\/schema.org\",\"@graph\":[{\"@type\":\"WebPage\",\"@id\":\"https:\\\/\\\/estantpro.com.co\\\/index.php\\\/nosotros\\\/\",\"url\":\"https:\\\/\\\/estantpro.com.co\\\/index.php\\\/nosotros\\\/\",\"name\":\"Nosotros -\",\"isPartOf\":{\"@id\":\"https:\\\/\\\/estantpro.com.co\\\/#website\"},\"primaryImageOfPage\":{\"@id\":\"https:\\\/\\\/estantpro.com.co\\\/index.php\\\/nosotros\\\/#primaryimage\"},\"image\":{\"@id\":\"https:\\\/\\\/estantpro.com.co\\\/index.php\\\/nosotros\\\/#primaryimage\"},\"thumbnailUrl\":\"https:\\\/\\\/estantpro.com.co\\\/wp-content\\\/uploads\\\/2025\\\/09\\\/estanterias-paletizacion-convencional-1.jpg\",\"datePublished\":\"2025-09-26T22:06:46+00:00\",\"dateModified\":\"2025-11-24T17:36:02+00:00\",\"breadcrumb\":{\"@id\":\"https:\\\/\\\/estantpro.com.co\\\/index.php\\\/nosotros\\\/#breadcrumb\"},\"inLanguage\":\"es-CO\",\"potentialAction\":[{\"@type\":\"ReadAction\",\"target\":[\"https:\\\/\\\/estantpro.com.co\\\/index.php\\\/nosotros\\\/\"]}]},{\"@type\":\"ImageObject\",\"inLanguage\":\"es-CO\",\"@id\":\"https:\\\/\\\/estantpro.com.co\\\/index.php\\\/nosotros\\\/#primaryimage\",\"url\":\"https:\\\/\\\/estantpro.com.co\\\/wp-content\\\/uploads\\\/2025\\\/09\\\/estanterias-paletizacion-convencional-1.jpg\",\"contentUrl\":\"https:\\\/\\\/estantpro.com.co\\\/wp-content\\\/uploads\\\/2025\\\/09\\\/estanterias-paletizacion-convencional-1.jpg\",\"width\":2400,\"height\":1350},{\"@type\":\"BreadcrumbList\",\"@id\":\"https:\\\/\\\/estantpro.com.co\\\/index.php\\\/nosotros\\\/#breadcrumb\",\"itemListElement\":[{\"@type\":\"ListItem\",\"position\":1,\"name\":\"Inicio\",\"item\":\"https:\\\/\\\/estantpro.com.co\\\/\"},{\"@type\":\"ListItem\",\"position\":2,\"name\":\"Nosotros\"}]},{\"@type\":\"WebSite\",\"@id\":\"https:\\\/\\\/estantpro.com.co\\\/#website\",\"url\":\"https:\\\/\\\/estantpro.com.co\\\/\",\"name\":\"\",\"description\":\"EstantPro\",\"potentialAction\":[{\"@type\":\"SearchAction\",\"target\":{\"@type\":\"EntryPoint\",\"urlTemplate\":\"https:\\\/\\\/estantpro.com.co\\\/?s={search_term_string}\"},\"query-input\":{\"@type\":\"PropertyValueSpecification\",\"valueRequired\":true,\"valueName\":\"search_term_string\"}}],\"inLanguage\":\"es-CO\"}]}<\/script>\n<!-- \/ Yoast SEO plugin. -->","yoast_head_json":{"title":"Nosotros -","robots":{"index":"index","follow":"follow","max-snippet":"max-snippet:-1","max-image-preview":"max-image-preview:large","max-video-preview":"max-video-preview:-1"},"canonical":"https:\/\/estantpro.com.co\/index.php\/nosotros\/","og_locale":"es_ES","og_type":"article","og_title":"Nosotros -","og_description":"Cotiza F\u00e1cil por WhatsApp Estanter\u00edas met\u00e1licas para su negocio Le damos la bienvenida a nuestra empresa, especializada en\u00a0la comercializaci\u00f3n de [&hellip;]","og_url":"https:\/\/estantpro.com.co\/index.php\/nosotros\/","article_modified_time":"2025-11-24T17:36:02+00:00","og_image":[{"url":"https:\/\/estantpro.com.co\/wp-content\/uploads\/2025\/09\/estanterias-paletizacion-convencional-1.jpg","type":"","width":"","height":""}],"twitter_card":"summary_large_image","schema":{"@context":"https:\/\/schema.org","@graph":[{"@type":"WebPage","@id":"https:\/\/estantpro.com.co\/index.php\/nosotros\/","url":"https:\/\/estantpro.com.co\/index.php\/nosotros\/","name":"Nosotros -","isPartOf":{"@id":"https:\/\/estantpro.com.co\/#website"},"primaryImageOfPage":{"@id":"https:\/\/estantpro.com.co\/index.php\/nosotros\/#primaryimage"},"image":{"@id":"https:\/\/estantpro.com.co\/index.php\/nosotros\/#primaryimage"},"thumbnailUrl":"https:\/\/estantpro.com.co\/wp-content\/uploads\/2025\/09\/estanterias-paletizacion-convencional-1.jpg","datePublished":"2025-09-26T22:06:46+00:00","dateModified":"2025-11-24T17:36:02+00:00","breadcrumb":{"@id":"https:\/\/estantpro.com.co\/index.php\/nosotros\/#breadcrumb"},"inLanguage":"es-CO","potentialAction":[{"@type":"ReadAction","target":["https:\/\/estantpro.com.co\/index.php\/nosotros\/"]}]},{"@type":"ImageObject","inLanguage":"es-CO","@id":"https:\/\/estantpro.com.co\/index.php\/nosotros\/#primaryimage","url":"https:\/\/estantpro.com.co\/wp-content\/uploads\/2025\/09\/estanterias-paletizacion-convencional-1.jpg","contentUrl":"https:\/\/estantpro.com.co\/wp-content\/uploads\/2025\/09\/estanterias-paletizacion-convencional-1.jpg","width":2400,"height":1350},{"@type":"BreadcrumbList","@id":"https:\/\/estantpro.com.co\/index.php\/nosotros\/#breadcrumb","itemListElement":[{"@type":"ListItem","position":1,"name":"Inicio","item":"https:\/\/estantpro.com.co\/"},{"@type":"ListItem","position":2,"name":"Nosotros"}]},{"@type":"WebSite","@id":"https:\/\/estantpro.com.co\/#website","url":"https:\/\/estantpro.com.co\/","name":"","description":"EstantPro","potentialAction":[{"@type":"SearchAction","target":{"@type":"EntryPoint","urlTemplate":"https:\/\/estantpro.com.co\/?s={search_term_string}"},"query-input":{"@type":"PropertyValueSpecification","valueRequired":true,"valueName":"search_term_string"}}],"inLanguage":"es-CO"}]}},"_hostinger_reach_plugin_has_subscription_block":false,"_hostinger_reach_plugin_is_elementor":false,"uagb_featured_image_src":{"full":false,"thumbnail":false,"medium":false,"medium_large":false,"large":false,"1536x1536":false,"2048x2048":false},"uagb_author_info":{"display_name":"colombiaestanterias@gmail.com","author_link":"https:\/\/estantpro.com.co\/index.php\/author\/colombiaestanteriasgmail-com\/"},"uagb_comment_info":0,"uagb_excerpt":"Cotiza F\u00e1cil por WhatsApp Estanter\u00edas met\u00e1licas para su negocio Le damos la bienvenida a nuestra empresa, especializada en\u00a0la comercializaci\u00f3n de [&hellip;]","_links":{"self":[{"href":"https:\/\/estantpro.com.co\/index.php\/wp-json\/wp\/v2\/pages\/13","targetHints":{"allow":["GET"]}}],"collection":[{"href":"https:\/\/estantpro.com.co\/index.php\/wp-json\/wp\/v2\/pages"}],"about":[{"href":"https:\/\/estantpro.com.co\/index.php\/wp-json\/wp\/v2\/types\/page"}],"author":[{"embeddable":true,"href":"https:\/\/estantpro.com.co\/index.php\/wp-json\/wp\/v2\/users\/1"}],"replies":[{"embeddable":true,"href":"https:\/\/estantpro.com.co\/index.php\/wp-json\/wp\/v2\/comments?post=13"}],"version-history":[{"count":154,"href":"https:\/\/estantpro.com.co\/index.php\/wp-json\/wp\/v2\/pages\/13\/revisions"}],"predecessor-version":[{"id":948,"href":"https:\/\/estantpro.com.co\/index.php\/wp-json\/wp\/v2\/pages\/13\/revisions\/948"}],"wp:attachment":[{"href":"https:\/\/estantpro.com.co\/index.php\/wp-json\/wp\/v2\/media?parent=13"}],"curies":[{"name":"wp","href":"https:\/\/api.w.org\/{rel}","templated":true}]}}